{"id":398,"date":"2023-06-27T08:17:10","date_gmt":"2023-06-27T06:17:10","guid":{"rendered":"http:\/\/192.168.0.200\/eusatec_new\/?page_id=9"},"modified":"2025-05-28T10:54:12","modified_gmt":"2025-05-28T08:54:12","slug":"impressum","status":"publish","type":"page","link":"https:\/\/eusatec.com\/en\/impressum\/","title":{"rendered":"Imprint"},"content":{"rendered":"<p><strong>Responsible for content &amp; offer<\/strong><br>G2H Vertriebs GmbH<br>Gesch\u00e4ftsf\u00fchrer: Gerion Braunsberg<\/p>\n\n\n\n<p>Rombacher H\u00fctte 18<br>D-44795 Bochum<\/p>\n\n\n\n<p>Tel. +49 (0)234 3075 0058<br>Fax +49 (0)234 3075 0059<\/p>\n\n\n\n<p>Ust. ID: DE453697882<\/p>\n\n\n\n<p>Eingetragen beim Amtsgericht Bochum unter: HRB 22291<\/p>\n\n\n\n<p>WEEE Nummer: <\/p>\n\n\n\n<p>Registriernummer nach \u00a7 5 TKG: 25\/052<\/p>\n\n\n\n<p>Competent supervisory authority:<br>Bundesnetzagentur f\u00fcr Elektrizit\u00e4t, Gas, Telekommunikation, Post und Eisenbahnen<br>Tulpenweg 4<br>53113 Bonn<\/p>\n\n\n\n<p>Please note our\u00a0<a href=\"https:\/\/eusatec.com\/en\/datenschutzerklaerung\/\">Privacy policy<\/a><\/p>\n\n\n\n<h2 class=\"wp-block-heading\">Image credits<\/h2>\n\n\n\n<p>Originator:&nbsp;<a href=\"http:\/\/de.123rf.com\/profile_3dsculptor\">3dsculptor \/ 123RF Lizenzfreie Bilder<\/a>&nbsp;Originator:&nbsp;<a href=\"http:\/\/de.123rf.com\/profile_sam74100\">sam74100 \/ 123RF Lizenzfreie Bilder<\/a>&nbsp;Originator:&nbsp;<a href=\"http:\/\/de.123rf.com\/profile_piksel\">piksel \/ 123RF Lizenzfreie Bilder<\/a>&nbsp;Originator:&nbsp;<a href=\"http:\/\/de.123rf.com\/profile_scanrail\">scanrail \/ 123RF Lizenzfreie Bilder<\/a>&nbsp;Originator:&nbsp;<a href=\"http:\/\/de.123rf.com\/profile_ndul\">ndul \/ 123RF Lizenzfreie Bilder<\/a>&nbsp;Originator:&nbsp;<a href=\"http:\/\/de.123rf.com\/profile_piksel\">piksel \/ 123RF Lizenzfreie Bilder&nbsp;<\/a>Originator:&nbsp;<a href=\"http:\/\/de.123rf.com\/profile_wavebreakmediamicro\">wavebreakmediamicro \/ 123RF Lizenzfreie Bilder&nbsp;<\/a>Originator:&nbsp;<a href=\"http:\/\/de.123rf.com\/profile_andiz\">andiz \/ 123RF Lizenzfreie Bilder<\/a>&nbsp;Fotolia 54343188 &#8211; num\u00e9rique \u00a9 Julien | 70360692 &#8211; NEWS \u00a9 Fotomanufaktur JL,&nbsp;<a href=\"https:\/\/de.123rf.com\/profile_aimage\" target=\"_blank\" rel=\"noreferrer noopener\">Dateinummer: 52465765, Dateityp: Foto<\/a>, Urheber: aimage,&nbsp;\u00a9&nbsp;<a href=\"https:\/\/stock.adobe.com\/de\/contributor\/204926525\/ronald-rampsch?load_type=author&amp;prev_url=detail\">Ronald Rampsch<\/a>&nbsp;&#8211; Adobe Stock,&nbsp;\u00a9 hacohob #310503381&nbsp;&#8211; Adobe Stock,&nbsp;\u00a9 Parilov #388675390&nbsp;&#8211; Adobe Stock,&nbsp;\u00a9 mandritoiu #286952451&nbsp;&#8211; Adobe Stock,&nbsp;\u00a9 Kzenon #323963698&nbsp;&#8211; Adobe Stock<\/p>","protected":false},"excerpt":{"rendered":"<p>Verantwortlich f\u00fcr Inhalt &amp; AngebotG2H Vertriebs GmbHGesch\u00e4ftsf\u00fchrer: Gerion Braunsberg Rombacher H\u00fctte 18D-44795 Bochum Tel. +49 (0)234 3075 0058Fax +49 (0)234 3075 0059 Ust. ID: DE453697882 Eingetragen beim Amtsgericht Bochum unter: HRB 22291 WEEE Nummer: Registriernummer nach \u00a7 5 TKG: 25\/052 Zust\u00e4ndige Aufsichtsbeh\u00f6rde:Bundesnetzagentur f\u00fcr Elektrizit\u00e4t, Gas, Telekommunikation, Post und EisenbahnenTulpenweg 453113 Bonn Bitte beachten Sie unsere\u00a0Datenschutzbestimmungen [&hellip;]<\/p>\n","protected":false},"author":1,"featured_media":0,"parent":0,"menu_order":0,"comment_status":"closed","ping_status":"closed","template":"","meta":{"_acf_changed":false,"footnotes":""},"class_list":["post-398","page","type-page","status-publish","hentry"],"acf":[],"_links":{"self":[{"href":"https:\/\/eusatec.com\/en\/wp-json\/wp\/v2\/pages\/398","targetHints":{"allow":["GET"]}}],"collection":[{"href":"https:\/\/eusatec.com\/en\/wp-json\/wp\/v2\/pages"}],"about":[{"href":"https:\/\/eusatec.com\/en\/wp-json\/wp\/v2\/types\/page"}],"author":[{"embeddable":true,"href":"https:\/\/eusatec.com\/en\/wp-json\/wp\/v2\/users\/1"}],"replies":[{"embeddable":true,"href":"https:\/\/eusatec.com\/en\/wp-json\/wp\/v2\/comments?post=398"}],"version-history":[{"count":4,"href":"https:\/\/eusatec.com\/en\/wp-json\/wp\/v2\/pages\/398\/revisions"}],"predecessor-version":[{"id":808,"href":"https:\/\/eusatec.com\/en\/wp-json\/wp\/v2\/pages\/398\/revisions\/808"}],"wp:attachment":[{"href":"https:\/\/eusatec.com\/en\/wp-json\/wp\/v2\/media?parent=398"}],"curies":[{"name":"wp","href":"https:\/\/api.w.org\/{rel}","templated":true}]}}