{"id":292,"date":"2023-08-09T09:00:01","date_gmt":"2023-08-09T07:00:01","guid":{"rendered":"http:\/\/192.168.0.200\/eusatec_new\/?page_id=292"},"modified":"2023-10-12T10:58:50","modified_gmt":"2023-10-12T08:58:50","slug":"kontakt","status":"publish","type":"page","link":"https:\/\/eusatec.com\/en\/kontakt\/","title":{"rendered":"Contact"},"content":{"rendered":"\n<h2 class=\"wp-block-heading has-text-align-center font-weight-bold\">Wir nehmen uns gerne Zeit f\u00fcr Sie!<\/h2>\n\n\n\n<p class=\"has-text-align-center\">Tragen Sie die ben\u00f6tigten Informationen ein und wir melden uns so bald wie m\u00f6glich bei Ihnen.<\/p>\n\n\n<div class=\"wpforms-container wpforms-container-full wpforms-block wpforms-block-db502e9d-b6fb-4ef6-842f-438301187ea0 wpforms-render-modern\" id=\"wpforms-722\"><form id=\"wpforms-form-722\" class=\"wpforms-validate wpforms-form wpforms-ajax-form\" data-formid=\"722\" method=\"post\" enctype=\"multipart\/form-data\" action=\"\/en\/wp-json\/wp\/v2\/pages\/292\" data-token=\"5eab7acbfff64b09ab381e586e8532fe\" data-token-time=\"1776500758\"><noscript class=\"wpforms-error-noscript\">Please enable JavaScript in your browser to complete this form.<\/noscript><div id=\"wpforms-error-noscript\" style=\"display: none;\">Please enable JavaScript in your browser to complete this form.<\/div><div class=\"wpforms-field-container\"><div id=\"wpforms-722-field_1-container\" class=\"wpforms-field wpforms-field-radio wpforms-list-inline\" data-field-id=\"1\"><fieldset><legend class=\"wpforms-field-label\">Anrede <span class=\"wpforms-required-label\" aria-hidden=\"true\">*<\/span><\/legend><ul id=\"wpforms-722-field_1\" class=\"wpforms-field-required\"><li class=\"choice-1 depth-1\"><input type=\"radio\" id=\"wpforms-722-field_1_1\" name=\"wpforms[fields][1]\" value=\"Herr\" aria-errormessage=\"wpforms-722-field_1_1-error\" required ><label class=\"wpforms-field-label-inline\" for=\"wpforms-722-field_1_1\">Herr<\/label><\/li><li class=\"choice-2 depth-1\"><input type=\"radio\" id=\"wpforms-722-field_1_2\" name=\"wpforms[fields][1]\" value=\"Frau\" aria-errormessage=\"wpforms-722-field_1_2-error\" required ><label class=\"wpforms-field-label-inline\" for=\"wpforms-722-field_1_2\">Frau<\/label><\/li><li class=\"choice-3 depth-1\"><input type=\"radio\" id=\"wpforms-722-field_1_3\" name=\"wpforms[fields][1]\" value=\"Divers\" aria-errormessage=\"wpforms-722-field_1_3-error\" required ><label class=\"wpforms-field-label-inline\" for=\"wpforms-722-field_1_3\">Divers<\/label><\/li><\/ul><\/fieldset><\/div><div id=\"wpforms-722-field_2-container\" class=\"wpforms-field wpforms-field-name\" data-field-id=\"2\"><fieldset><legend class=\"wpforms-field-label\">Name <span class=\"wpforms-required-label\" aria-hidden=\"true\">*<\/span><\/legend><div class=\"wpforms-field-row wpforms-field-large\"><div class=\"wpforms-field-row-block wpforms-first wpforms-one-half\"><input type=\"text\" id=\"wpforms-722-field_2\" class=\"wpforms-field-name-first wpforms-field-required\" name=\"wpforms[fields][2][first]\" placeholder=\"Ihr Vorname\" aria-errormessage=\"wpforms-722-field_2-error\" required><label for=\"wpforms-722-field_2\" class=\"wpforms-field-sublabel after wpforms-sublabel-hide\">First<\/label><\/div><div class=\"wpforms-field-row-block wpforms-one-half\"><input type=\"text\" id=\"wpforms-722-field_2-last\" class=\"wpforms-field-name-last wpforms-field-required\" name=\"wpforms[fields][2][last]\" placeholder=\"Ihr Nachname\" aria-errormessage=\"wpforms-722-field_2-last-error\" required><label for=\"wpforms-722-field_2-last\" class=\"wpforms-field-sublabel after wpforms-sublabel-hide\">Last<\/label><\/div><\/div><\/fieldset><\/div><div id=\"wpforms-722-field_3-container\" class=\"wpforms-field wpforms-field-text\" data-field-id=\"3\"><label class=\"wpforms-field-label\" for=\"wpforms-722-field_3\">Unternehmen<\/label><input type=\"text\" id=\"wpforms-722-field_3\" class=\"wpforms-field-large\" name=\"wpforms[fields][3]\" placeholder=\"Ihr Unternehmen\" aria-errormessage=\"wpforms-722-field_3-error\" ><\/div><div id=\"wpforms-722-field_4-container\" class=\"wpforms-field wpforms-field-email\" data-field-id=\"4\"><label class=\"wpforms-field-label\" for=\"wpforms-722-field_4\">Email <span class=\"wpforms-required-label\" aria-hidden=\"true\">*<\/span><\/label><input type=\"email\" id=\"wpforms-722-field_4\" class=\"wpforms-field-large wpforms-field-required\" name=\"wpforms[fields][4]\" placeholder=\"Ihre Email\" spellcheck=\"false\" aria-errormessage=\"wpforms-722-field_4-error\" required><\/div><div id=\"wpforms-722-field_5-container\" class=\"wpforms-field wpforms-field-text wpforms-field-telefon\" data-field-id=\"5\"><label class=\"wpforms-field-label\" for=\"wpforms-722-field_5\">Telefonnummer <span class=\"wpforms-required-label\" aria-hidden=\"true\">*<\/span><\/label><input type=\"text\" id=\"wpforms-722-field_5\" class=\"wpforms-field-large wpforms-field-required\" name=\"wpforms[fields][5]\" placeholder=\"Ihre Telefonnummer\" aria-errormessage=\"wpforms-722-field_5-error\" required><\/div><div id=\"wpforms-722-field_6-container\" class=\"wpforms-field wpforms-field-textarea\" data-field-id=\"6\"><label class=\"wpforms-field-label\" for=\"wpforms-722-field_6\">Weitere Informationen <span class=\"wpforms-required-label\" aria-hidden=\"true\">*<\/span><\/label><textarea id=\"wpforms-722-field_6\" class=\"wpforms-field-large wpforms-field-required\" name=\"wpforms[fields][6]\" placeholder=\"Ihr Anliegen\" aria-errormessage=\"wpforms-722-field_6-error\" required><\/textarea><\/div><div id=\"wpforms-722-field_7-container\" class=\"wpforms-field wpforms-field-text wpforms-hidden-url\" data-field-id=\"7\"><label class=\"wpforms-field-label wpforms-label-hide\" for=\"wpforms-722-field_7\" aria-hidden=\"false\">URL<\/label><input type=\"text\" id=\"wpforms-722-field_7\" class=\"wpforms-field-large\" name=\"wpforms[fields][7]\" value=\"https:\/\/eusatec.com\/en\/wp-json\/wp\/v2\/pages\/292\" aria-errormessage=\"wpforms-722-field_7-error\" ><\/div><\/div><!-- .wpforms-field-container --><div class=\"wpforms-recaptcha-container wpforms-is-recaptcha wpforms-is-recaptcha-type-v2\" ><div class=\"g-recaptcha\" data-sitekey=\"6LftMI4oAAAAABpVzSWMUHa9jpHHXSThOoML-Jin\"><\/div><input type=\"text\" name=\"g-recaptcha-hidden\" class=\"wpforms-recaptcha-hidden\" style=\"position:absolute!important;clip:rect(0,0,0,0)!important;height:1px!important;width:1px!important;border:0!important;overflow:hidden!important;padding:0!important;margin:0!important;\" data-rule-recaptcha=\"1\"><\/div><div class=\"wpforms-submit-container\" ><input type=\"hidden\" name=\"wpforms[id]\" value=\"722\"><input type=\"hidden\" name=\"page_title\" value=\"\"><input type=\"hidden\" name=\"page_url\" value=\"https:\/\/eusatec.com\/en\/wp-json\/wp\/v2\/pages\/292\"><input type=\"hidden\" name=\"url_referer\" value=\"\"><button type=\"submit\" name=\"wpforms[submit]\" id=\"wpforms-submit-722\" class=\"wpforms-submit\" data-alt-text=\"Senden...\" data-submit-text=\"Absenden\" aria-live=\"assertive\" value=\"wpforms-submit\">Absenden<\/button><img loading=\"lazy\" decoding=\"async\" src=\"https:\/\/eusatec.com\/wp-content\/plugins\/wpforms-lite\/assets\/images\/submit-spin.svg\" class=\"wpforms-submit-spinner\" style=\"display: none;\" width=\"26\" height=\"26\" alt=\"Loading\"><\/div><\/form><\/div>  <!-- .wpforms-container -->","protected":false},"excerpt":{"rendered":"<p>Wir nehmen uns gerne Zeit f\u00fcr Sie! Tragen Sie die ben\u00f6tigten Informationen ein und wir melden uns so bald wie m\u00f6glich bei Ihnen.<\/p>","protected":false},"author":1,"featured_media":0,"parent":0,"menu_order":0,"comment_status":"closed","ping_status":"closed","template":"","meta":{"_acf_changed":false,"footnotes":""},"class_list":["post-292","page","type-page","status-publish","hentry"],"acf":[],"_links":{"self":[{"href":"https:\/\/eusatec.com\/en\/wp-json\/wp\/v2\/pages\/292","targetHints":{"allow":["GET"]}}],"collection":[{"href":"https:\/\/eusatec.com\/en\/wp-json\/wp\/v2\/pages"}],"about":[{"href":"https:\/\/eusatec.com\/en\/wp-json\/wp\/v2\/types\/page"}],"author":[{"embeddable":true,"href":"https:\/\/eusatec.com\/en\/wp-json\/wp\/v2\/users\/1"}],"replies":[{"embeddable":true,"href":"https:\/\/eusatec.com\/en\/wp-json\/wp\/v2\/comments?post=292"}],"version-history":[{"count":3,"href":"https:\/\/eusatec.com\/en\/wp-json\/wp\/v2\/pages\/292\/revisions"}],"predecessor-version":[{"id":725,"href":"https:\/\/eusatec.com\/en\/wp-json\/wp\/v2\/pages\/292\/revisions\/725"}],"wp:attachment":[{"href":"https:\/\/eusatec.com\/en\/wp-json\/wp\/v2\/media?parent=292"}],"curies":[{"name":"wp","href":"https:\/\/api.w.org\/{rel}","templated":true}]}}